{"id":322,"date":"2019-03-16T18:56:10","date_gmt":"2019-03-16T18:56:10","guid":{"rendered":"https:\/\/aneta-pension.de\/ausflugsmoglichkeiten\/"},"modified":"2025-12-13T17:18:00","modified_gmt":"2025-12-13T16:18:00","slug":"trip-possibilities","status":"publish","type":"page","link":"https:\/\/aneta-pension.de\/pl\/trip-possibilities","title":{"rendered":"Mo\u017cliwo\u015bci wycieczek"},"content":{"rendered":"<h1 class=\"special-title\">Wycieczki<\/h1>\n<p>W Grzybowie \/ Ko\u0142obrzegu i okolicach mo\u017cna spokojnie wypocz\u0105\u0107 jak r\u00f3wnie\u017c czynnie uczestniczy\u0107 w r\u00f3\u017cnych atrakcjach i sportach.<\/p>\n<p>Z Ko\u0142obrzegu wyp\u0142ywaj\u0105 statki wycieczkowe na du\u0144sk\u0105 wysp\u0119 Borholm.<\/p>\n<p>Organizowane s\u0105 wycieczki autokarowe do Gda\u0144ska, Szczecina, \u015awinouj\u015bcia i innych miejscowo\u015bci.<\/p>\n","protected":false},"excerpt":{"rendered":"<p>Wycieczki W Grzybowie \/ Ko\u0142obrzegu i okolicach mo\u017cna spokojnie wypocz\u0105\u0107 jak r\u00f3wnie\u017c czynnie uczestniczy\u0107 w r\u00f3\u017cnych atrakcjach i sportach. Z Ko\u0142obrzegu wyp\u0142ywaj\u0105 statki wycieczkowe na du\u0144sk\u0105 wysp\u0119 Borholm. Organizowane s\u0105 wycieczki autokarowe do Gda\u0144ska, Szczecina, \u015awinouj\u015bcia i innych miejscowo\u015bci.<\/p>\n","protected":false},"author":3,"featured_media":0,"parent":0,"menu_order":0,"comment_status":"closed","ping_status":"closed","template":"","meta":{"_acf_changed":false,"footnotes":""},"class_list":["post-322","page","type-page","status-publish","hentry"],"acf":[],"yoast_head":"<!-- This site is optimized with the Yoast SEO plugin v26.4 - https:\/\/yoast.com\/wordpress\/plugins\/seo\/ -->\n<title>Mo\u017cliwo\u015bci wycieczek - Aneta Pension<\/title>\n<meta name=\"robots\" content=\"index, follow, max-snippet:-1, max-image-preview:large, max-video-preview:-1\" \/>\n<link rel=\"canonical\" href=\"https:\/\/aneta-pension.de\/pl\/trip-possibilities\" \/>\n<meta property=\"og:locale\" content=\"pl_PL\" \/>\n<meta property=\"og:type\" content=\"article\" \/>\n<meta property=\"og:title\" content=\"Mo\u017cliwo\u015bci wycieczek - Aneta Pension\" \/>\n<meta property=\"og:description\" content=\"Wycieczki W Grzybowie \/ Ko\u0142obrzegu i okolicach mo\u017cna spokojnie wypocz\u0105\u0107 jak r\u00f3wnie\u017c czynnie uczestniczy\u0107 w r\u00f3\u017cnych atrakcjach i sportach. Z Ko\u0142obrzegu wyp\u0142ywaj\u0105 statki wycieczkowe na du\u0144sk\u0105 wysp\u0119 Borholm. Organizowane s\u0105 wycieczki autokarowe do Gda\u0144ska, Szczecina, \u015awinouj\u015bcia i innych miejscowo\u015bci.\" \/>\n<meta property=\"og:url\" content=\"https:\/\/aneta-pension.de\/pl\/trip-possibilities\" \/>\n<meta property=\"og:site_name\" content=\"Aneta Pension\" \/>\n<meta property=\"article:modified_time\" content=\"2025-12-13T16:18:00+00:00\" \/>\n<meta name=\"twitter:card\" content=\"summary_large_image\" \/>\n<meta name=\"twitter:label1\" content=\"Szacowany czas czytania\" \/>\n\t<meta name=\"twitter:data1\" content=\"1 minuta\" \/>\n<script type=\"application\/ld+json\" class=\"yoast-schema-graph\">{\"@context\":\"https:\/\/schema.org\",\"@graph\":[{\"@type\":\"WebPage\",\"@id\":\"https:\/\/aneta-pension.de\/pl\/trip-possibilities\",\"url\":\"https:\/\/aneta-pension.de\/pl\/trip-possibilities\",\"name\":\"Mo\u017cliwo\u015bci wycieczek - Aneta Pension\",\"isPartOf\":{\"@id\":\"https:\/\/aneta-pension.de\/pl\/#website\"},\"datePublished\":\"2019-03-16T18:56:10+00:00\",\"dateModified\":\"2025-12-13T16:18:00+00:00\",\"breadcrumb\":{\"@id\":\"https:\/\/aneta-pension.de\/pl\/trip-possibilities#breadcrumb\"},\"inLanguage\":\"pl-PL\",\"potentialAction\":[{\"@type\":\"ReadAction\",\"target\":[\"https:\/\/aneta-pension.de\/pl\/trip-possibilities\"]}]},{\"@type\":\"BreadcrumbList\",\"@id\":\"https:\/\/aneta-pension.de\/pl\/trip-possibilities#breadcrumb\",\"itemListElement\":[{\"@type\":\"ListItem\",\"position\":1,\"name\":\"Home\",\"item\":\"https:\/\/aneta-pension.de\/pl\"},{\"@type\":\"ListItem\",\"position\":2,\"name\":\"Mo\u017cliwo\u015bci wycieczek\"}]},{\"@type\":\"WebSite\",\"@id\":\"https:\/\/aneta-pension.de\/pl\/#website\",\"url\":\"https:\/\/aneta-pension.de\/pl\/\",\"name\":\"Aneta Pension\",\"description\":\"Urlaub an der polnischen Ostsee\",\"potentialAction\":[{\"@type\":\"SearchAction\",\"target\":{\"@type\":\"EntryPoint\",\"urlTemplate\":\"https:\/\/aneta-pension.de\/pl\/?s={search_term_string}\"},\"query-input\":{\"@type\":\"PropertyValueSpecification\",\"valueRequired\":true,\"valueName\":\"search_term_string\"}}],\"inLanguage\":\"pl-PL\"}]}<\/script>\n<!-- \/ Yoast SEO plugin. -->","yoast_head_json":{"title":"Mo\u017cliwo\u015bci wycieczek - Aneta Pension","robots":{"index":"index","follow":"follow","max-snippet":"max-snippet:-1","max-image-preview":"max-image-preview:large","max-video-preview":"max-video-preview:-1"},"canonical":"https:\/\/aneta-pension.de\/pl\/trip-possibilities","og_locale":"pl_PL","og_type":"article","og_title":"Mo\u017cliwo\u015bci wycieczek - Aneta Pension","og_description":"Wycieczki W Grzybowie \/ Ko\u0142obrzegu i okolicach mo\u017cna spokojnie wypocz\u0105\u0107 jak r\u00f3wnie\u017c czynnie uczestniczy\u0107 w r\u00f3\u017cnych atrakcjach i sportach. Z Ko\u0142obrzegu wyp\u0142ywaj\u0105 statki wycieczkowe na du\u0144sk\u0105 wysp\u0119 Borholm. Organizowane s\u0105 wycieczki autokarowe do Gda\u0144ska, Szczecina, \u015awinouj\u015bcia i innych miejscowo\u015bci.","og_url":"https:\/\/aneta-pension.de\/pl\/trip-possibilities","og_site_name":"Aneta Pension","article_modified_time":"2025-12-13T16:18:00+00:00","twitter_card":"summary_large_image","twitter_misc":{"Szacowany czas czytania":"1 minuta"},"schema":{"@context":"https:\/\/schema.org","@graph":[{"@type":"WebPage","@id":"https:\/\/aneta-pension.de\/pl\/trip-possibilities","url":"https:\/\/aneta-pension.de\/pl\/trip-possibilities","name":"Mo\u017cliwo\u015bci wycieczek - Aneta Pension","isPartOf":{"@id":"https:\/\/aneta-pension.de\/pl\/#website"},"datePublished":"2019-03-16T18:56:10+00:00","dateModified":"2025-12-13T16:18:00+00:00","breadcrumb":{"@id":"https:\/\/aneta-pension.de\/pl\/trip-possibilities#breadcrumb"},"inLanguage":"pl-PL","potentialAction":[{"@type":"ReadAction","target":["https:\/\/aneta-pension.de\/pl\/trip-possibilities"]}]},{"@type":"BreadcrumbList","@id":"https:\/\/aneta-pension.de\/pl\/trip-possibilities#breadcrumb","itemListElement":[{"@type":"ListItem","position":1,"name":"Home","item":"https:\/\/aneta-pension.de\/pl"},{"@type":"ListItem","position":2,"name":"Mo\u017cliwo\u015bci wycieczek"}]},{"@type":"WebSite","@id":"https:\/\/aneta-pension.de\/pl\/#website","url":"https:\/\/aneta-pension.de\/pl\/","name":"Aneta Pension","description":"Urlaub an der polnischen Ostsee","potentialAction":[{"@type":"SearchAction","target":{"@type":"EntryPoint","urlTemplate":"https:\/\/aneta-pension.de\/pl\/?s={search_term_string}"},"query-input":{"@type":"PropertyValueSpecification","valueRequired":true,"valueName":"search_term_string"}}],"inLanguage":"pl-PL"}]}},"_links":{"self":[{"href":"https:\/\/aneta-pension.de\/pl\/wp-json\/wp\/v2\/pages\/322","targetHints":{"allow":["GET"]}}],"collection":[{"href":"https:\/\/aneta-pension.de\/pl\/wp-json\/wp\/v2\/pages"}],"about":[{"href":"https:\/\/aneta-pension.de\/pl\/wp-json\/wp\/v2\/types\/page"}],"author":[{"embeddable":true,"href":"https:\/\/aneta-pension.de\/pl\/wp-json\/wp\/v2\/users\/3"}],"replies":[{"embeddable":true,"href":"https:\/\/aneta-pension.de\/pl\/wp-json\/wp\/v2\/comments?post=322"}],"version-history":[{"count":3,"href":"https:\/\/aneta-pension.de\/pl\/wp-json\/wp\/v2\/pages\/322\/revisions"}],"predecessor-version":[{"id":851,"href":"https:\/\/aneta-pension.de\/pl\/wp-json\/wp\/v2\/pages\/322\/revisions\/851"}],"wp:attachment":[{"href":"https:\/\/aneta-pension.de\/pl\/wp-json\/wp\/v2\/media?parent=322"}],"curies":[{"name":"wp","href":"https:\/\/api.w.org\/{rel}","templated":true}]}}