{"id":325,"date":"2019-03-16T18:55:42","date_gmt":"2019-03-16T18:55:42","guid":{"rendered":"https:\/\/aneta-pension.de\/barrierefrei-urlaub-machen\/"},"modified":"2025-12-13T17:11:22","modified_gmt":"2025-12-13T16:11:22","slug":"disabled-friendly","status":"publish","type":"page","link":"https:\/\/aneta-pension.de\/pl\/disabled-friendly","title":{"rendered":"Wakacje bez barier"},"content":{"rendered":"<h1 class=\"special-title\">Wakacje bez barier!<\/h1>\n<p>Dla naszych go\u015bci na w\u00f3zkach inwalidzkich pok\u00f3j dwuosobowy na parterze zosta\u0142 odpowiednio wyposa\u017cony. Dost\u0119p do naszego domu jest wolny od prog\u00f3w.<\/p>\n","protected":false},"excerpt":{"rendered":"<p>Wakacje bez barier! Dla naszych go\u015bci na w\u00f3zkach inwalidzkich pok\u00f3j dwuosobowy na parterze zosta\u0142 odpowiednio wyposa\u017cony. Dost\u0119p do naszego domu jest wolny od prog\u00f3w.<\/p>\n","protected":false},"author":3,"featured_media":0,"parent":0,"menu_order":0,"comment_status":"closed","ping_status":"closed","template":"","meta":{"_acf_changed":false,"footnotes":""},"class_list":["post-325","page","type-page","status-publish","hentry"],"acf":[],"yoast_head":"<!-- This site is optimized with the Yoast SEO plugin v26.4 - https:\/\/yoast.com\/wordpress\/plugins\/seo\/ -->\n<title>Wakacje bez barier - Aneta Pension<\/title>\n<meta name=\"robots\" content=\"index, follow, max-snippet:-1, max-image-preview:large, max-video-preview:-1\" \/>\n<link rel=\"canonical\" href=\"https:\/\/aneta-pension.de\/pl\/disabled-friendly\" \/>\n<meta property=\"og:locale\" content=\"pl_PL\" \/>\n<meta property=\"og:type\" content=\"article\" \/>\n<meta property=\"og:title\" content=\"Wakacje bez barier - Aneta Pension\" \/>\n<meta property=\"og:description\" content=\"Wakacje bez barier! Dla naszych go\u015bci na w\u00f3zkach inwalidzkich pok\u00f3j dwuosobowy na parterze zosta\u0142 odpowiednio wyposa\u017cony. Dost\u0119p do naszego domu jest wolny od prog\u00f3w.\" \/>\n<meta property=\"og:url\" content=\"https:\/\/aneta-pension.de\/pl\/disabled-friendly\" \/>\n<meta property=\"og:site_name\" content=\"Aneta Pension\" \/>\n<meta property=\"article:modified_time\" content=\"2025-12-13T16:11:22+00:00\" \/>\n<meta name=\"twitter:card\" content=\"summary_large_image\" \/>\n<meta name=\"twitter:label1\" content=\"Szacowany czas czytania\" \/>\n\t<meta name=\"twitter:data1\" content=\"1 minuta\" \/>\n<script type=\"application\/ld+json\" class=\"yoast-schema-graph\">{\"@context\":\"https:\/\/schema.org\",\"@graph\":[{\"@type\":\"WebPage\",\"@id\":\"https:\/\/aneta-pension.de\/pl\/disabled-friendly\",\"url\":\"https:\/\/aneta-pension.de\/pl\/disabled-friendly\",\"name\":\"Wakacje bez barier - Aneta Pension\",\"isPartOf\":{\"@id\":\"https:\/\/aneta-pension.de\/pl\/#website\"},\"datePublished\":\"2019-03-16T18:55:42+00:00\",\"dateModified\":\"2025-12-13T16:11:22+00:00\",\"breadcrumb\":{\"@id\":\"https:\/\/aneta-pension.de\/pl\/disabled-friendly#breadcrumb\"},\"inLanguage\":\"pl-PL\",\"potentialAction\":[{\"@type\":\"ReadAction\",\"target\":[\"https:\/\/aneta-pension.de\/pl\/disabled-friendly\"]}]},{\"@type\":\"BreadcrumbList\",\"@id\":\"https:\/\/aneta-pension.de\/pl\/disabled-friendly#breadcrumb\",\"itemListElement\":[{\"@type\":\"ListItem\",\"position\":1,\"name\":\"Home\",\"item\":\"https:\/\/aneta-pension.de\/pl\"},{\"@type\":\"ListItem\",\"position\":2,\"name\":\"Wakacje bez barier\"}]},{\"@type\":\"WebSite\",\"@id\":\"https:\/\/aneta-pension.de\/pl\/#website\",\"url\":\"https:\/\/aneta-pension.de\/pl\/\",\"name\":\"Aneta Pension\",\"description\":\"Urlaub an der polnischen Ostsee\",\"potentialAction\":[{\"@type\":\"SearchAction\",\"target\":{\"@type\":\"EntryPoint\",\"urlTemplate\":\"https:\/\/aneta-pension.de\/pl\/?s={search_term_string}\"},\"query-input\":{\"@type\":\"PropertyValueSpecification\",\"valueRequired\":true,\"valueName\":\"search_term_string\"}}],\"inLanguage\":\"pl-PL\"}]}<\/script>\n<!-- \/ Yoast SEO plugin. -->","yoast_head_json":{"title":"Wakacje bez barier - Aneta Pension","robots":{"index":"index","follow":"follow","max-snippet":"max-snippet:-1","max-image-preview":"max-image-preview:large","max-video-preview":"max-video-preview:-1"},"canonical":"https:\/\/aneta-pension.de\/pl\/disabled-friendly","og_locale":"pl_PL","og_type":"article","og_title":"Wakacje bez barier - Aneta Pension","og_description":"Wakacje bez barier! Dla naszych go\u015bci na w\u00f3zkach inwalidzkich pok\u00f3j dwuosobowy na parterze zosta\u0142 odpowiednio wyposa\u017cony. Dost\u0119p do naszego domu jest wolny od prog\u00f3w.","og_url":"https:\/\/aneta-pension.de\/pl\/disabled-friendly","og_site_name":"Aneta Pension","article_modified_time":"2025-12-13T16:11:22+00:00","twitter_card":"summary_large_image","twitter_misc":{"Szacowany czas czytania":"1 minuta"},"schema":{"@context":"https:\/\/schema.org","@graph":[{"@type":"WebPage","@id":"https:\/\/aneta-pension.de\/pl\/disabled-friendly","url":"https:\/\/aneta-pension.de\/pl\/disabled-friendly","name":"Wakacje bez barier - Aneta Pension","isPartOf":{"@id":"https:\/\/aneta-pension.de\/pl\/#website"},"datePublished":"2019-03-16T18:55:42+00:00","dateModified":"2025-12-13T16:11:22+00:00","breadcrumb":{"@id":"https:\/\/aneta-pension.de\/pl\/disabled-friendly#breadcrumb"},"inLanguage":"pl-PL","potentialAction":[{"@type":"ReadAction","target":["https:\/\/aneta-pension.de\/pl\/disabled-friendly"]}]},{"@type":"BreadcrumbList","@id":"https:\/\/aneta-pension.de\/pl\/disabled-friendly#breadcrumb","itemListElement":[{"@type":"ListItem","position":1,"name":"Home","item":"https:\/\/aneta-pension.de\/pl"},{"@type":"ListItem","position":2,"name":"Wakacje bez barier"}]},{"@type":"WebSite","@id":"https:\/\/aneta-pension.de\/pl\/#website","url":"https:\/\/aneta-pension.de\/pl\/","name":"Aneta Pension","description":"Urlaub an der polnischen Ostsee","potentialAction":[{"@type":"SearchAction","target":{"@type":"EntryPoint","urlTemplate":"https:\/\/aneta-pension.de\/pl\/?s={search_term_string}"},"query-input":{"@type":"PropertyValueSpecification","valueRequired":true,"valueName":"search_term_string"}}],"inLanguage":"pl-PL"}]}},"_links":{"self":[{"href":"https:\/\/aneta-pension.de\/pl\/wp-json\/wp\/v2\/pages\/325","targetHints":{"allow":["GET"]}}],"collection":[{"href":"https:\/\/aneta-pension.de\/pl\/wp-json\/wp\/v2\/pages"}],"about":[{"href":"https:\/\/aneta-pension.de\/pl\/wp-json\/wp\/v2\/types\/page"}],"author":[{"embeddable":true,"href":"https:\/\/aneta-pension.de\/pl\/wp-json\/wp\/v2\/users\/3"}],"replies":[{"embeddable":true,"href":"https:\/\/aneta-pension.de\/pl\/wp-json\/wp\/v2\/comments?post=325"}],"version-history":[{"count":4,"href":"https:\/\/aneta-pension.de\/pl\/wp-json\/wp\/v2\/pages\/325\/revisions"}],"predecessor-version":[{"id":844,"href":"https:\/\/aneta-pension.de\/pl\/wp-json\/wp\/v2\/pages\/325\/revisions\/844"}],"wp:attachment":[{"href":"https:\/\/aneta-pension.de\/pl\/wp-json\/wp\/v2\/media?parent=325"}],"curies":[{"name":"wp","href":"https:\/\/api.w.org\/{rel}","templated":true}]}}