{"id":337,"date":"2019-03-12T13:44:33","date_gmt":"2019-03-12T13:44:33","guid":{"rendered":"https:\/\/aneta-pension.de\/kolberg\/"},"modified":"2026-02-15T09:11:56","modified_gmt":"2026-02-15T08:11:56","slug":"kolberg","status":"publish","type":"page","link":"https:\/\/aneta-pension.de\/pl\/kolberg","title":{"rendered":"Ko\u0142obrzeg"},"content":{"rendered":"<h1 class=\"special-title\">Ko\u0142obrzeg &#8211; najwi\u0119kszy polski kurort<\/h1>\n<p>Od ponad 200 lat Ko\u0142obrzeg znany jest jako kurort kt\u00f3rego klimat kszta\u0142tuje morze.<br \/>\nKa\u017cdego roku coraz wi\u0119cej turyst\u00f3w i kuracjurzy przyci\u0105gaj\u0105 tutaj szerokie piaszczyste pla\u017ce, przejrzyste czyste powietrze, jak r\u00f3wnie\u017c zdrowy klimat morski. Dla kuracjuszy oferowana jest r\u00f3\u017anorodna oferta zabieg\u00f3w leczniczych np. zabiegi borowinowe, k\u0105piele, inhalacje i inne. Pi\u0119kna star\u00f3wka jest idealna na spacery i zakupy.<\/p>\n","protected":false},"excerpt":{"rendered":"<p>Ko\u0142obrzeg &#8211; najwi\u0119kszy polski kurort Od ponad 200 lat Ko\u0142obrzeg znany jest jako kurort kt\u00f3rego klimat kszta\u0142tuje morze. Ka\u017cdego roku coraz wi\u0119cej turyst\u00f3w i kuracjurzy przyci\u0105gaj\u0105 tutaj szerokie piaszczyste pla\u017ce, przejrzyste czyste powietrze, jak r\u00f3wnie\u017c zdrowy klimat morski. Dla kuracjuszy oferowana jest r\u00f3\u017anorodna oferta zabieg\u00f3w leczniczych np. zabiegi borowinowe, k\u0105piele, inhalacje i inne. Pi\u0119kna star\u00f3wka jest idealna na spacery i zakupy.<\/p>\n","protected":false},"author":3,"featured_media":0,"parent":0,"menu_order":0,"comment_status":"closed","ping_status":"closed","template":"","meta":{"_acf_changed":false,"footnotes":""},"class_list":["post-337","page","type-page","status-publish","hentry"],"acf":[],"yoast_head":"<!-- This site is optimized with the Yoast SEO plugin v26.4 - https:\/\/yoast.com\/wordpress\/plugins\/seo\/ -->\n<title>Ko\u0142obrzeg - Aneta Pension<\/title>\n<meta name=\"robots\" content=\"index, follow, max-snippet:-1, max-image-preview:large, max-video-preview:-1\" \/>\n<link rel=\"canonical\" href=\"https:\/\/aneta-pension.de\/pl\/kolberg\" \/>\n<meta property=\"og:locale\" content=\"pl_PL\" \/>\n<meta property=\"og:type\" content=\"article\" \/>\n<meta property=\"og:title\" content=\"Ko\u0142obrzeg - Aneta Pension\" \/>\n<meta property=\"og:description\" content=\"Ko\u0142obrzeg &#8211; najwi\u0119kszy polski kurort Od ponad 200 lat Ko\u0142obrzeg znany jest jako kurort kt\u00f3rego klimat kszta\u0142tuje morze. Ka\u017cdego roku coraz wi\u0119cej turyst\u00f3w i kuracjurzy przyci\u0105gaj\u0105 tutaj szerokie piaszczyste pla\u017ce, przejrzyste czyste powietrze, jak r\u00f3wnie\u017c zdrowy klimat morski. Dla kuracjuszy oferowana jest r\u00f3\u017anorodna oferta zabieg\u00f3w leczniczych np. zabiegi borowinowe, k\u0105piele, inhalacje i inne. Pi\u0119kna star\u00f3wka jest idealna na spacery i zakupy.\" \/>\n<meta property=\"og:url\" content=\"https:\/\/aneta-pension.de\/pl\/kolberg\" \/>\n<meta property=\"og:site_name\" content=\"Aneta Pension\" \/>\n<meta property=\"article:modified_time\" content=\"2026-02-15T08:11:56+00:00\" \/>\n<meta name=\"twitter:card\" content=\"summary_large_image\" \/>\n<meta name=\"twitter:label1\" content=\"Szacowany czas czytania\" \/>\n\t<meta name=\"twitter:data1\" content=\"1 minuta\" \/>\n<script type=\"application\/ld+json\" class=\"yoast-schema-graph\">{\"@context\":\"https:\/\/schema.org\",\"@graph\":[{\"@type\":\"WebPage\",\"@id\":\"https:\/\/aneta-pension.de\/pl\/kolberg\",\"url\":\"https:\/\/aneta-pension.de\/pl\/kolberg\",\"name\":\"Ko\u0142obrzeg - Aneta Pension\",\"isPartOf\":{\"@id\":\"https:\/\/aneta-pension.de\/pl\/#website\"},\"datePublished\":\"2019-03-12T13:44:33+00:00\",\"dateModified\":\"2026-02-15T08:11:56+00:00\",\"breadcrumb\":{\"@id\":\"https:\/\/aneta-pension.de\/pl\/kolberg#breadcrumb\"},\"inLanguage\":\"pl-PL\",\"potentialAction\":[{\"@type\":\"ReadAction\",\"target\":[\"https:\/\/aneta-pension.de\/pl\/kolberg\"]}]},{\"@type\":\"BreadcrumbList\",\"@id\":\"https:\/\/aneta-pension.de\/pl\/kolberg#breadcrumb\",\"itemListElement\":[{\"@type\":\"ListItem\",\"position\":1,\"name\":\"Home\",\"item\":\"https:\/\/aneta-pension.de\/pl\"},{\"@type\":\"ListItem\",\"position\":2,\"name\":\"Ko\u0142obrzeg\"}]},{\"@type\":\"WebSite\",\"@id\":\"https:\/\/aneta-pension.de\/pl\/#website\",\"url\":\"https:\/\/aneta-pension.de\/pl\/\",\"name\":\"Aneta Pension\",\"description\":\"Urlaub an der polnischen Ostsee\",\"potentialAction\":[{\"@type\":\"SearchAction\",\"target\":{\"@type\":\"EntryPoint\",\"urlTemplate\":\"https:\/\/aneta-pension.de\/pl\/?s={search_term_string}\"},\"query-input\":{\"@type\":\"PropertyValueSpecification\",\"valueRequired\":true,\"valueName\":\"search_term_string\"}}],\"inLanguage\":\"pl-PL\"}]}<\/script>\n<!-- \/ Yoast SEO plugin. -->","yoast_head_json":{"title":"Ko\u0142obrzeg - Aneta Pension","robots":{"index":"index","follow":"follow","max-snippet":"max-snippet:-1","max-image-preview":"max-image-preview:large","max-video-preview":"max-video-preview:-1"},"canonical":"https:\/\/aneta-pension.de\/pl\/kolberg","og_locale":"pl_PL","og_type":"article","og_title":"Ko\u0142obrzeg - Aneta Pension","og_description":"Ko\u0142obrzeg &#8211; najwi\u0119kszy polski kurort Od ponad 200 lat Ko\u0142obrzeg znany jest jako kurort kt\u00f3rego klimat kszta\u0142tuje morze. Ka\u017cdego roku coraz wi\u0119cej turyst\u00f3w i kuracjurzy przyci\u0105gaj\u0105 tutaj szerokie piaszczyste pla\u017ce, przejrzyste czyste powietrze, jak r\u00f3wnie\u017c zdrowy klimat morski. Dla kuracjuszy oferowana jest r\u00f3\u017anorodna oferta zabieg\u00f3w leczniczych np. zabiegi borowinowe, k\u0105piele, inhalacje i inne. Pi\u0119kna star\u00f3wka jest idealna na spacery i zakupy.","og_url":"https:\/\/aneta-pension.de\/pl\/kolberg","og_site_name":"Aneta Pension","article_modified_time":"2026-02-15T08:11:56+00:00","twitter_card":"summary_large_image","twitter_misc":{"Szacowany czas czytania":"1 minuta"},"schema":{"@context":"https:\/\/schema.org","@graph":[{"@type":"WebPage","@id":"https:\/\/aneta-pension.de\/pl\/kolberg","url":"https:\/\/aneta-pension.de\/pl\/kolberg","name":"Ko\u0142obrzeg - Aneta Pension","isPartOf":{"@id":"https:\/\/aneta-pension.de\/pl\/#website"},"datePublished":"2019-03-12T13:44:33+00:00","dateModified":"2026-02-15T08:11:56+00:00","breadcrumb":{"@id":"https:\/\/aneta-pension.de\/pl\/kolberg#breadcrumb"},"inLanguage":"pl-PL","potentialAction":[{"@type":"ReadAction","target":["https:\/\/aneta-pension.de\/pl\/kolberg"]}]},{"@type":"BreadcrumbList","@id":"https:\/\/aneta-pension.de\/pl\/kolberg#breadcrumb","itemListElement":[{"@type":"ListItem","position":1,"name":"Home","item":"https:\/\/aneta-pension.de\/pl"},{"@type":"ListItem","position":2,"name":"Ko\u0142obrzeg"}]},{"@type":"WebSite","@id":"https:\/\/aneta-pension.de\/pl\/#website","url":"https:\/\/aneta-pension.de\/pl\/","name":"Aneta Pension","description":"Urlaub an der polnischen Ostsee","potentialAction":[{"@type":"SearchAction","target":{"@type":"EntryPoint","urlTemplate":"https:\/\/aneta-pension.de\/pl\/?s={search_term_string}"},"query-input":{"@type":"PropertyValueSpecification","valueRequired":true,"valueName":"search_term_string"}}],"inLanguage":"pl-PL"}]}},"_links":{"self":[{"href":"https:\/\/aneta-pension.de\/pl\/wp-json\/wp\/v2\/pages\/337","targetHints":{"allow":["GET"]}}],"collection":[{"href":"https:\/\/aneta-pension.de\/pl\/wp-json\/wp\/v2\/pages"}],"about":[{"href":"https:\/\/aneta-pension.de\/pl\/wp-json\/wp\/v2\/types\/page"}],"author":[{"embeddable":true,"href":"https:\/\/aneta-pension.de\/pl\/wp-json\/wp\/v2\/users\/3"}],"replies":[{"embeddable":true,"href":"https:\/\/aneta-pension.de\/pl\/wp-json\/wp\/v2\/comments?post=337"}],"version-history":[{"count":7,"href":"https:\/\/aneta-pension.de\/pl\/wp-json\/wp\/v2\/pages\/337\/revisions"}],"predecessor-version":[{"id":868,"href":"https:\/\/aneta-pension.de\/pl\/wp-json\/wp\/v2\/pages\/337\/revisions\/868"}],"wp:attachment":[{"href":"https:\/\/aneta-pension.de\/pl\/wp-json\/wp\/v2\/media?parent=337"}],"curies":[{"name":"wp","href":"https:\/\/api.w.org\/{rel}","templated":true}]}}