{"id":344,"date":"2019-03-16T18:55:57","date_gmt":"2019-03-16T18:55:57","guid":{"rendered":"https:\/\/aneta-pension.de\/kuraufenthalte-wellness\/"},"modified":"2025-12-13T17:13:11","modified_gmt":"2025-12-13T16:13:11","slug":"wellness","status":"publish","type":"page","link":"https:\/\/aneta-pension.de\/pl\/wellness","title":{"rendered":"Wellness"},"content":{"rendered":"<h1 class=\"special-title\">Wellness<\/h1>\n<p><img decoding=\"async\" src=\"https:\/\/aneta-pension.de\/wp-content\/uploads\/2019\/03\/c-img7.jpg\" alt=\"\" \/><\/p>\n<h3>Wellness w naszym Pensjonacie<\/h3>\n<p>Pozw\u00f3l swojej duszy odetchn\u0105\u0107, odnajd\u017a spok\u00f3j i zatankuj now\u0105 energi\u0119 na kolejne dni. Zanurz si\u0119 w \u015bwiecie odpoczynku i dobrego samopoczucia.<\/p>\n<p>Proponujemy Pa\u0144stwu nast\u0119puj\u0105ce zabiegi oraz formy terapii:<\/p>\n<p>&#8211; Konsultacja Lekarska<\/p>\n<p>&#8211; elektroterapia<\/p>\n<p>&#8211; laseroterapia<\/p>\n<p>&#8211; terapia manualna<\/p>\n<p>&#8211; bioptron<\/p>\n<p>&#8211; ok\u0142ady borowinowe<\/p>\n<p>&#8211; akupunktura<\/p>\n<p>&#8211; moxa<\/p>\n<p>Specjalnie dla Pa\u0144stwa ustalimy indywidualny program kuracji leczniczej.<\/p>\n<h4>Odpr\u0119\u017cenie dla cia\u0142a i duszy<\/h4>\n<p>Oferujemy Pa\u0144stwu kompleksowe rozlu\u017anienie i ulg\u0119 od czubka g\u0142owy a\u017c po palce u st\u00f3p.<\/p>\n<p>Kompetentna i przyjazna za\u0142oga Wellness zawsze ch\u0119tnie s\u0142u\u017cy rad\u0105 oraz dostosuje si\u0119 do indywidualnych potrzeb oraz \u017cycze\u0144, tak aby Pa\u0144stwa urlop przebieg\u0142 w idealnej atmosferze wypoczynku.<\/p>\n<p>Nasza oferta Wellness obejmuje r\u00f3\u017cnorodne zabiegi na cia\u0142o, odpr\u0119\u017caj\u0105ce masa\u017ce, \u015bwiecowanie uszu oraz wiele wi\u0119cej.<\/p>\n<p>Na \u017cyczenie otrzymaj\u0105 Pa\u0144stwo od nas ofert\u0119 z cennikiem.<\/p>\n","protected":false},"excerpt":{"rendered":"<p>Wellness Wellness w naszym Pensjonacie Pozw\u00f3l swojej duszy odetchn\u0105\u0107, odnajd\u017a spok\u00f3j i zatankuj now\u0105 energi\u0119 na kolejne dni. Zanurz si\u0119 w \u015bwiecie odpoczynku i dobrego samopoczucia. Proponujemy Pa\u0144stwu nast\u0119puj\u0105ce zabiegi oraz formy terapii: &#8211; Konsultacja Lekarska &#8211; elektroterapia &#8211; laseroterapia &#8211; terapia manualna &#8211; bioptron &#8211; ok\u0142ady borowinowe &#8211; akupunktura &#8211; moxa Specjalnie dla Pa\u0144stwa ustalimy indywidualny program kuracji leczniczej. Odpr\u0119\u017cenie dla cia\u0142a i duszy Oferujemy Pa\u0144stwu kompleksowe rozlu\u017anienie i &#8230;<\/p>\n","protected":false},"author":3,"featured_media":0,"parent":0,"menu_order":0,"comment_status":"closed","ping_status":"closed","template":"","meta":{"_acf_changed":false,"footnotes":""},"class_list":["post-344","page","type-page","status-publish","hentry"],"acf":[],"yoast_head":"<!-- This site is optimized with the Yoast SEO plugin v26.4 - https:\/\/yoast.com\/wordpress\/plugins\/seo\/ -->\n<title>Wellness - Aneta Pension<\/title>\n<meta name=\"robots\" content=\"index, follow, max-snippet:-1, max-image-preview:large, max-video-preview:-1\" \/>\n<link rel=\"canonical\" href=\"https:\/\/aneta-pension.de\/pl\/wellness\" \/>\n<meta property=\"og:locale\" content=\"pl_PL\" \/>\n<meta property=\"og:type\" content=\"article\" \/>\n<meta property=\"og:title\" content=\"Wellness - Aneta Pension\" \/>\n<meta property=\"og:description\" content=\"Wellness Wellness w naszym Pensjonacie Pozw\u00f3l swojej duszy odetchn\u0105\u0107, odnajd\u017a spok\u00f3j i zatankuj now\u0105 energi\u0119 na kolejne dni. Zanurz si\u0119 w \u015bwiecie odpoczynku i dobrego samopoczucia. Proponujemy Pa\u0144stwu nast\u0119puj\u0105ce zabiegi oraz formy terapii: &#8211; Konsultacja Lekarska &#8211; elektroterapia &#8211; laseroterapia &#8211; terapia manualna &#8211; bioptron &#8211; ok\u0142ady borowinowe &#8211; akupunktura &#8211; moxa Specjalnie dla Pa\u0144stwa ustalimy indywidualny program kuracji leczniczej. Odpr\u0119\u017cenie dla cia\u0142a i duszy Oferujemy Pa\u0144stwu kompleksowe rozlu\u017anienie i ...\" \/>\n<meta property=\"og:url\" content=\"https:\/\/aneta-pension.de\/pl\/wellness\" \/>\n<meta property=\"og:site_name\" content=\"Aneta Pension\" \/>\n<meta property=\"article:modified_time\" content=\"2025-12-13T16:13:11+00:00\" \/>\n<meta property=\"og:image\" content=\"https:\/\/aneta-pension.de\/wp-content\/uploads\/2019\/03\/c-img7.jpg\" \/>\n<meta name=\"twitter:card\" content=\"summary_large_image\" \/>\n<meta name=\"twitter:label1\" content=\"Szacowany czas czytania\" \/>\n\t<meta name=\"twitter:data1\" content=\"1 minuta\" \/>\n<script type=\"application\/ld+json\" class=\"yoast-schema-graph\">{\"@context\":\"https:\/\/schema.org\",\"@graph\":[{\"@type\":\"WebPage\",\"@id\":\"https:\/\/aneta-pension.de\/pl\/wellness\",\"url\":\"https:\/\/aneta-pension.de\/pl\/wellness\",\"name\":\"Wellness - Aneta Pension\",\"isPartOf\":{\"@id\":\"https:\/\/aneta-pension.de\/pl\/#website\"},\"primaryImageOfPage\":{\"@id\":\"https:\/\/aneta-pension.de\/pl\/wellness#primaryimage\"},\"image\":{\"@id\":\"https:\/\/aneta-pension.de\/pl\/wellness#primaryimage\"},\"thumbnailUrl\":\"https:\/\/aneta-pension.de\/wp-content\/uploads\/2019\/03\/c-img7.jpg\",\"datePublished\":\"2019-03-16T18:55:57+00:00\",\"dateModified\":\"2025-12-13T16:13:11+00:00\",\"breadcrumb\":{\"@id\":\"https:\/\/aneta-pension.de\/pl\/wellness#breadcrumb\"},\"inLanguage\":\"pl-PL\",\"potentialAction\":[{\"@type\":\"ReadAction\",\"target\":[\"https:\/\/aneta-pension.de\/pl\/wellness\"]}]},{\"@type\":\"ImageObject\",\"inLanguage\":\"pl-PL\",\"@id\":\"https:\/\/aneta-pension.de\/pl\/wellness#primaryimage\",\"url\":\"https:\/\/aneta-pension.de\/wp-content\/uploads\/2019\/03\/c-img7.jpg\",\"contentUrl\":\"https:\/\/aneta-pension.de\/wp-content\/uploads\/2019\/03\/c-img7.jpg\"},{\"@type\":\"BreadcrumbList\",\"@id\":\"https:\/\/aneta-pension.de\/pl\/wellness#breadcrumb\",\"itemListElement\":[{\"@type\":\"ListItem\",\"position\":1,\"name\":\"Home\",\"item\":\"https:\/\/aneta-pension.de\/pl\"},{\"@type\":\"ListItem\",\"position\":2,\"name\":\"Wellness\"}]},{\"@type\":\"WebSite\",\"@id\":\"https:\/\/aneta-pension.de\/pl\/#website\",\"url\":\"https:\/\/aneta-pension.de\/pl\/\",\"name\":\"Aneta Pension\",\"description\":\"Urlaub an der polnischen Ostsee\",\"potentialAction\":[{\"@type\":\"SearchAction\",\"target\":{\"@type\":\"EntryPoint\",\"urlTemplate\":\"https:\/\/aneta-pension.de\/pl\/?s={search_term_string}\"},\"query-input\":{\"@type\":\"PropertyValueSpecification\",\"valueRequired\":true,\"valueName\":\"search_term_string\"}}],\"inLanguage\":\"pl-PL\"}]}<\/script>\n<!-- \/ Yoast SEO plugin. -->","yoast_head_json":{"title":"Wellness - Aneta Pension","robots":{"index":"index","follow":"follow","max-snippet":"max-snippet:-1","max-image-preview":"max-image-preview:large","max-video-preview":"max-video-preview:-1"},"canonical":"https:\/\/aneta-pension.de\/pl\/wellness","og_locale":"pl_PL","og_type":"article","og_title":"Wellness - Aneta Pension","og_description":"Wellness Wellness w naszym Pensjonacie Pozw\u00f3l swojej duszy odetchn\u0105\u0107, odnajd\u017a spok\u00f3j i zatankuj now\u0105 energi\u0119 na kolejne dni. Zanurz si\u0119 w \u015bwiecie odpoczynku i dobrego samopoczucia. Proponujemy Pa\u0144stwu nast\u0119puj\u0105ce zabiegi oraz formy terapii: &#8211; Konsultacja Lekarska &#8211; elektroterapia &#8211; laseroterapia &#8211; terapia manualna &#8211; bioptron &#8211; ok\u0142ady borowinowe &#8211; akupunktura &#8211; moxa Specjalnie dla Pa\u0144stwa ustalimy indywidualny program kuracji leczniczej. Odpr\u0119\u017cenie dla cia\u0142a i duszy Oferujemy Pa\u0144stwu kompleksowe rozlu\u017anienie i ...","og_url":"https:\/\/aneta-pension.de\/pl\/wellness","og_site_name":"Aneta Pension","article_modified_time":"2025-12-13T16:13:11+00:00","og_image":[{"url":"https:\/\/aneta-pension.de\/wp-content\/uploads\/2019\/03\/c-img7.jpg","type":"","width":"","height":""}],"twitter_card":"summary_large_image","twitter_misc":{"Szacowany czas czytania":"1 minuta"},"schema":{"@context":"https:\/\/schema.org","@graph":[{"@type":"WebPage","@id":"https:\/\/aneta-pension.de\/pl\/wellness","url":"https:\/\/aneta-pension.de\/pl\/wellness","name":"Wellness - Aneta Pension","isPartOf":{"@id":"https:\/\/aneta-pension.de\/pl\/#website"},"primaryImageOfPage":{"@id":"https:\/\/aneta-pension.de\/pl\/wellness#primaryimage"},"image":{"@id":"https:\/\/aneta-pension.de\/pl\/wellness#primaryimage"},"thumbnailUrl":"https:\/\/aneta-pension.de\/wp-content\/uploads\/2019\/03\/c-img7.jpg","datePublished":"2019-03-16T18:55:57+00:00","dateModified":"2025-12-13T16:13:11+00:00","breadcrumb":{"@id":"https:\/\/aneta-pension.de\/pl\/wellness#breadcrumb"},"inLanguage":"pl-PL","potentialAction":[{"@type":"ReadAction","target":["https:\/\/aneta-pension.de\/pl\/wellness"]}]},{"@type":"ImageObject","inLanguage":"pl-PL","@id":"https:\/\/aneta-pension.de\/pl\/wellness#primaryimage","url":"https:\/\/aneta-pension.de\/wp-content\/uploads\/2019\/03\/c-img7.jpg","contentUrl":"https:\/\/aneta-pension.de\/wp-content\/uploads\/2019\/03\/c-img7.jpg"},{"@type":"BreadcrumbList","@id":"https:\/\/aneta-pension.de\/pl\/wellness#breadcrumb","itemListElement":[{"@type":"ListItem","position":1,"name":"Home","item":"https:\/\/aneta-pension.de\/pl"},{"@type":"ListItem","position":2,"name":"Wellness"}]},{"@type":"WebSite","@id":"https:\/\/aneta-pension.de\/pl\/#website","url":"https:\/\/aneta-pension.de\/pl\/","name":"Aneta Pension","description":"Urlaub an der polnischen Ostsee","potentialAction":[{"@type":"SearchAction","target":{"@type":"EntryPoint","urlTemplate":"https:\/\/aneta-pension.de\/pl\/?s={search_term_string}"},"query-input":{"@type":"PropertyValueSpecification","valueRequired":true,"valueName":"search_term_string"}}],"inLanguage":"pl-PL"}]}},"_links":{"self":[{"href":"https:\/\/aneta-pension.de\/pl\/wp-json\/wp\/v2\/pages\/344","targetHints":{"allow":["GET"]}}],"collection":[{"href":"https:\/\/aneta-pension.de\/pl\/wp-json\/wp\/v2\/pages"}],"about":[{"href":"https:\/\/aneta-pension.de\/pl\/wp-json\/wp\/v2\/types\/page"}],"author":[{"embeddable":true,"href":"https:\/\/aneta-pension.de\/pl\/wp-json\/wp\/v2\/users\/3"}],"replies":[{"embeddable":true,"href":"https:\/\/aneta-pension.de\/pl\/wp-json\/wp\/v2\/comments?post=344"}],"version-history":[{"count":4,"href":"https:\/\/aneta-pension.de\/pl\/wp-json\/wp\/v2\/pages\/344\/revisions"}],"predecessor-version":[{"id":847,"href":"https:\/\/aneta-pension.de\/pl\/wp-json\/wp\/v2\/pages\/344\/revisions\/847"}],"wp:attachment":[{"href":"https:\/\/aneta-pension.de\/pl\/wp-json\/wp\/v2\/media?parent=344"}],"curies":[{"name":"wp","href":"https:\/\/api.w.org\/{rel}","templated":true}]}}