{"id":494,"date":"2019-07-09T17:06:59","date_gmt":"2019-07-09T15:06:59","guid":{"rendered":"https:\/\/aneta-pension.de\/stornierungsbedingungen"},"modified":"2024-07-06T16:36:00","modified_gmt":"2024-07-06T14:36:00","slug":"stornierungsbedingungen","status":"publish","type":"page","link":"https:\/\/aneta-pension.de\/pl\/stornierungsbedingungen","title":{"rendered":"Warunki anulowania"},"content":{"rendered":"<pre><span style=\"font-family: georgia, palatino, serif; font-size: 24pt;\">Warunki anulowania\r\n<\/span>\r\n<span style=\"font-family: georgia, palatino, serif;\">W przypadku anulowania rezerwacji przez go\u015bcia lub nieskorzystania z\r\nus\u0142ug oferowanych przez pensjonat, go\u015b\u0107 zostanie obci\u0105\u017cony zam\u00f3wionymi i\r\nzarezerwowanymi us\u0142ugami umownymi, kt\u00f3re nie zosta\u0142y zaakceptowane przez\r\ngo\u015bcia, ale s\u0105 oferowane przez pensjonat, wed\u0142ug\u00a0 stawek ponoszonych\r\nprzez pensjonat:\r\n\r\nAnulowanie mi\u0119dzy 30. a 15. dniem przed rozpocz\u0119ciem \u015bwiadczenia\r\nodpowiednich us\u0142ug: Zostanie naliczona op\u0142ata w wysoko\u015bci 30%\r\nzam\u00f3wionych\/zarezerwowanych us\u0142ug.\r\n\r\nAnulowanie mi\u0119dzy 14. a 8. dniem przed rozpocz\u0119ciem \u015bwiadczenia us\u0142ug:\r\nZostanie naliczona op\u0142ata w wysoko\u015bci 60% zam\u00f3wionych\/zarezerwowanych us\u0142ug.\r\n\r\nAnulowanie mi\u0119dzy 7. a 3. dniem przed rozpocz\u0119ciem \u015bwiadczenia\r\nodpowiednich us\u0142ug: Zostanie naliczona op\u0142ata w wysoko\u015bci 80%\r\nzam\u00f3wionych\/zarezerwowanych us\u0142ug.\r\n\r\nAnulowanie rezerwacji w ci\u0105gu 48 godzin przed rozpocz\u0119ciem \u015bwiadczenia\r\nus\u0142ug: Zostanie pobrana op\u0142ata w wysoko\u015bci 100%\r\nzam\u00f3wionych\/zarezerwowanych us\u0142ug.\r\n\r\nWy\u017cej wymienione op\u0142aty za anulowanie rezerwacji obowi\u0105zuj\u0105 r\u00f3wnie\u017c w\r\nprzypadku cz\u0119\u015bciowego anulowania zam\u00f3wionych\/zarezerwowanych us\u0142ug przez\r\ngo\u015bcia, przy czym wy\u017cej wymienione stawki\u00a0 odnosz\u0105 si\u0119 do tej cz\u0119\u015bci\r\nus\u0142ug, kt\u00f3ra zosta\u0142a anulowana lub je\u015bli go\u015b\u0107 nie skorzysta z\r\nzam\u00f3wionych\/zarezerwowanych us\u0142ug bez wyra\u017anego anulowania.\r\n\r\nZaliczka nie zostaje zwracana.\r\n\r\n<\/span><\/pre>\n","protected":false},"excerpt":{"rendered":"<p>Warunki anulowania W przypadku anulowania rezerwacji przez go\u015bcia lub nieskorzystania z us\u0142ug oferowanych przez pensjonat, go\u015b\u0107 zostanie obci\u0105\u017cony zam\u00f3wionymi i zarezerwowanymi us\u0142ugami umownymi, kt\u00f3re nie zosta\u0142y zaakceptowane przez go\u015bcia, ale s\u0105 oferowane przez pensjonat, wed\u0142ug\u00a0 stawek ponoszonych przez pensjonat: Anulowanie mi\u0119dzy 30. a 15. dniem przed rozpocz\u0119ciem \u015bwiadczenia odpowiednich us\u0142ug: Zostanie naliczona op\u0142ata w wysoko\u015bci 30% zam\u00f3wionych\/zarezerwowanych us\u0142ug. Anulowanie mi\u0119dzy 14. a 8. dniem przed rozpocz\u0119ciem \u015bwiadczenia us\u0142ug: Zostanie naliczona &#8230;<\/p>\n","protected":false},"author":3,"featured_media":0,"parent":0,"menu_order":0,"comment_status":"closed","ping_status":"closed","template":"","meta":{"_acf_changed":false,"footnotes":""},"class_list":["post-494","page","type-page","status-publish","hentry"],"acf":[],"yoast_head":"<!-- This site is optimized with the Yoast SEO plugin v26.4 - https:\/\/yoast.com\/wordpress\/plugins\/seo\/ -->\n<title>Warunki anulowania - Aneta Pension<\/title>\n<meta name=\"robots\" content=\"index, follow, max-snippet:-1, max-image-preview:large, max-video-preview:-1\" \/>\n<link rel=\"canonical\" href=\"https:\/\/aneta-pension.de\/stornierungsbedingungen\" \/>\n<meta property=\"og:locale\" content=\"pl_PL\" \/>\n<meta property=\"og:type\" content=\"article\" \/>\n<meta property=\"og:title\" content=\"Warunki anulowania - Aneta Pension\" \/>\n<meta property=\"og:description\" content=\"Warunki anulowania W przypadku anulowania rezerwacji przez go\u015bcia lub nieskorzystania z us\u0142ug oferowanych przez pensjonat, go\u015b\u0107 zostanie obci\u0105\u017cony zam\u00f3wionymi i zarezerwowanymi us\u0142ugami umownymi, kt\u00f3re nie zosta\u0142y zaakceptowane przez go\u015bcia, ale s\u0105 oferowane przez pensjonat, wed\u0142ug\u00a0 stawek ponoszonych przez pensjonat: Anulowanie mi\u0119dzy 30. a 15. dniem przed rozpocz\u0119ciem \u015bwiadczenia odpowiednich us\u0142ug: Zostanie naliczona op\u0142ata w wysoko\u015bci 30% zam\u00f3wionych\/zarezerwowanych us\u0142ug. Anulowanie mi\u0119dzy 14. a 8. dniem przed rozpocz\u0119ciem \u015bwiadczenia us\u0142ug: Zostanie naliczona ...\" \/>\n<meta property=\"og:url\" content=\"https:\/\/aneta-pension.de\/stornierungsbedingungen\" \/>\n<meta property=\"og:site_name\" content=\"Aneta Pension\" \/>\n<meta property=\"article:modified_time\" content=\"2024-07-06T14:36:00+00:00\" \/>\n<meta name=\"twitter:card\" content=\"summary_large_image\" \/>\n<meta name=\"twitter:label1\" content=\"Szacowany czas czytania\" \/>\n\t<meta name=\"twitter:data1\" content=\"1 minuta\" \/>\n<script type=\"application\/ld+json\" class=\"yoast-schema-graph\">{\"@context\":\"https:\/\/schema.org\",\"@graph\":[{\"@type\":\"WebPage\",\"@id\":\"https:\/\/aneta-pension.de\/stornierungsbedingungen\",\"url\":\"https:\/\/aneta-pension.de\/stornierungsbedingungen\",\"name\":\"Warunki anulowania - Aneta Pension\",\"isPartOf\":{\"@id\":\"https:\/\/aneta-pension.de\/pl\/#website\"},\"datePublished\":\"2019-07-09T15:06:59+00:00\",\"dateModified\":\"2024-07-06T14:36:00+00:00\",\"breadcrumb\":{\"@id\":\"https:\/\/aneta-pension.de\/stornierungsbedingungen#breadcrumb\"},\"inLanguage\":\"pl-PL\",\"potentialAction\":[{\"@type\":\"ReadAction\",\"target\":[\"https:\/\/aneta-pension.de\/stornierungsbedingungen\"]}]},{\"@type\":\"BreadcrumbList\",\"@id\":\"https:\/\/aneta-pension.de\/stornierungsbedingungen#breadcrumb\",\"itemListElement\":[{\"@type\":\"ListItem\",\"position\":1,\"name\":\"Home\",\"item\":\"https:\/\/aneta-pension.de\/pl\"},{\"@type\":\"ListItem\",\"position\":2,\"name\":\"Warunki anulowania\"}]},{\"@type\":\"WebSite\",\"@id\":\"https:\/\/aneta-pension.de\/pl\/#website\",\"url\":\"https:\/\/aneta-pension.de\/pl\/\",\"name\":\"Aneta Pension\",\"description\":\"Urlaub an der polnischen Ostsee\",\"potentialAction\":[{\"@type\":\"SearchAction\",\"target\":{\"@type\":\"EntryPoint\",\"urlTemplate\":\"https:\/\/aneta-pension.de\/pl\/?s={search_term_string}\"},\"query-input\":{\"@type\":\"PropertyValueSpecification\",\"valueRequired\":true,\"valueName\":\"search_term_string\"}}],\"inLanguage\":\"pl-PL\"}]}<\/script>\n<!-- \/ Yoast SEO plugin. -->","yoast_head_json":{"title":"Warunki anulowania - Aneta Pension","robots":{"index":"index","follow":"follow","max-snippet":"max-snippet:-1","max-image-preview":"max-image-preview:large","max-video-preview":"max-video-preview:-1"},"canonical":"https:\/\/aneta-pension.de\/stornierungsbedingungen","og_locale":"pl_PL","og_type":"article","og_title":"Warunki anulowania - Aneta Pension","og_description":"Warunki anulowania W przypadku anulowania rezerwacji przez go\u015bcia lub nieskorzystania z us\u0142ug oferowanych przez pensjonat, go\u015b\u0107 zostanie obci\u0105\u017cony zam\u00f3wionymi i zarezerwowanymi us\u0142ugami umownymi, kt\u00f3re nie zosta\u0142y zaakceptowane przez go\u015bcia, ale s\u0105 oferowane przez pensjonat, wed\u0142ug\u00a0 stawek ponoszonych przez pensjonat: Anulowanie mi\u0119dzy 30. a 15. dniem przed rozpocz\u0119ciem \u015bwiadczenia odpowiednich us\u0142ug: Zostanie naliczona op\u0142ata w wysoko\u015bci 30% zam\u00f3wionych\/zarezerwowanych us\u0142ug. Anulowanie mi\u0119dzy 14. a 8. dniem przed rozpocz\u0119ciem \u015bwiadczenia us\u0142ug: Zostanie naliczona ...","og_url":"https:\/\/aneta-pension.de\/stornierungsbedingungen","og_site_name":"Aneta Pension","article_modified_time":"2024-07-06T14:36:00+00:00","twitter_card":"summary_large_image","twitter_misc":{"Szacowany czas czytania":"1 minuta"},"schema":{"@context":"https:\/\/schema.org","@graph":[{"@type":"WebPage","@id":"https:\/\/aneta-pension.de\/stornierungsbedingungen","url":"https:\/\/aneta-pension.de\/stornierungsbedingungen","name":"Warunki anulowania - Aneta Pension","isPartOf":{"@id":"https:\/\/aneta-pension.de\/pl\/#website"},"datePublished":"2019-07-09T15:06:59+00:00","dateModified":"2024-07-06T14:36:00+00:00","breadcrumb":{"@id":"https:\/\/aneta-pension.de\/stornierungsbedingungen#breadcrumb"},"inLanguage":"pl-PL","potentialAction":[{"@type":"ReadAction","target":["https:\/\/aneta-pension.de\/stornierungsbedingungen"]}]},{"@type":"BreadcrumbList","@id":"https:\/\/aneta-pension.de\/stornierungsbedingungen#breadcrumb","itemListElement":[{"@type":"ListItem","position":1,"name":"Home","item":"https:\/\/aneta-pension.de\/pl"},{"@type":"ListItem","position":2,"name":"Warunki anulowania"}]},{"@type":"WebSite","@id":"https:\/\/aneta-pension.de\/pl\/#website","url":"https:\/\/aneta-pension.de\/pl\/","name":"Aneta Pension","description":"Urlaub an der polnischen Ostsee","potentialAction":[{"@type":"SearchAction","target":{"@type":"EntryPoint","urlTemplate":"https:\/\/aneta-pension.de\/pl\/?s={search_term_string}"},"query-input":{"@type":"PropertyValueSpecification","valueRequired":true,"valueName":"search_term_string"}}],"inLanguage":"pl-PL"}]}},"_links":{"self":[{"href":"https:\/\/aneta-pension.de\/pl\/wp-json\/wp\/v2\/pages\/494","targetHints":{"allow":["GET"]}}],"collection":[{"href":"https:\/\/aneta-pension.de\/pl\/wp-json\/wp\/v2\/pages"}],"about":[{"href":"https:\/\/aneta-pension.de\/pl\/wp-json\/wp\/v2\/types\/page"}],"author":[{"embeddable":true,"href":"https:\/\/aneta-pension.de\/pl\/wp-json\/wp\/v2\/users\/3"}],"replies":[{"embeddable":true,"href":"https:\/\/aneta-pension.de\/pl\/wp-json\/wp\/v2\/comments?post=494"}],"version-history":[{"count":4,"href":"https:\/\/aneta-pension.de\/pl\/wp-json\/wp\/v2\/pages\/494\/revisions"}],"predecessor-version":[{"id":526,"href":"https:\/\/aneta-pension.de\/pl\/wp-json\/wp\/v2\/pages\/494\/revisions\/526"}],"wp:attachment":[{"href":"https:\/\/aneta-pension.de\/pl\/wp-json\/wp\/v2\/media?parent=494"}],"curies":[{"name":"wp","href":"https:\/\/api.w.org\/{rel}","templated":true}]}}